{"id":1574,"date":"2021-12-08T09:05:33","date_gmt":"2021-12-08T09:05:33","guid":{"rendered":"https:\/\/medusasvillas.gr\/food-drink-in-acharavi\/"},"modified":"2026-03-11T10:15:22","modified_gmt":"2026-03-11T08:15:22","slug":"food-drink-in-acharavi","status":"publish","type":"page","link":"https:\/\/medusasvillas.gr\/de\/food-drink-in-acharavi\/","title":{"rendered":"SPEISEN &#038; GETR\u00c4NKE IN ACHARAVI"},"content":{"rendered":"\t\t<div data-elementor-type=\"wp-page\" data-elementor-id=\"1574\" class=\"elementor elementor-1574 elementor-1817\" data-elementor-post-type=\"page\">\n\t\t\t\t\t\t<section class=\"elementor-section elementor-top-section elementor-element elementor-element-bff409f elementor-section-boxed elementor-section-height-default elementor-section-height-default\" data-id=\"bff409f\" data-element_type=\"section\" data-e-type=\"section\">\n\t\t\t\t\t\t<div class=\"elementor-container elementor-column-gap-default\">\n\t\t\t\t\t<div class=\"elementor-column elementor-col-100 elementor-top-column elementor-element elementor-element-75794a4\" data-id=\"75794a4\" data-element_type=\"column\" data-e-type=\"column\">\n\t\t\t<div class=\"elementor-widget-wrap elementor-element-populated\">\n\t\t\t\t\t\t<div class=\"elementor-element elementor-element-e176f45 elementor-widget elementor-widget-heading\" data-id=\"e176f45\" data-element_type=\"widget\" data-e-type=\"widget\" data-widget_type=\"heading.default\">\n\t\t\t\t<div class=\"elementor-widget-container\">\n\t\t\t\t\t<h2 class=\"elementor-heading-title elementor-size-default\">\u201eMEDUSA\u201c - GANZTAGS STRANDRESTAURANT UND BAR<\/h2>\t\t\t\t<\/div>\n\t\t\t\t<\/div>\n\t\t\t\t<div class=\"elementor-element elementor-element-4945b6a elementor-widget elementor-widget-heading\" data-id=\"4945b6a\" data-element_type=\"widget\" data-e-type=\"widget\" data-widget_type=\"heading.default\">\n\t\t\t\t<div class=\"elementor-widget-container\">\n\t\t\t\t\t<h4 class=\"elementor-heading-title elementor-size-default\">EIN STRANDERLEBNIS, DAS SIE NICHT VERMISSEN SOLLTEN!<\/h4>\t\t\t\t<\/div>\n\t\t\t\t<\/div>\n\t\t\t\t\t<\/div>\n\t\t<\/div>\n\t\t\t\t\t<\/div>\n\t\t<\/section>\n\t\t\t\t<section class=\"elementor-section elementor-top-section elementor-element elementor-element-2959415 elementor-section-boxed elementor-section-height-default elementor-section-height-default\" data-id=\"2959415\" data-element_type=\"section\" data-e-type=\"section\">\n\t\t\t\t\t\t<div class=\"elementor-container elementor-column-gap-default\">\n\t\t\t\t\t<div class=\"elementor-column elementor-col-100 elementor-top-column elementor-element elementor-element-7142232\" data-id=\"7142232\" data-element_type=\"column\" data-e-type=\"column\">\n\t\t\t<div class=\"elementor-widget-wrap elementor-element-populated\">\n\t\t\t\t\t\t<div class=\"elementor-element elementor-element-b95977c elementor-widget elementor-widget-text-editor\" data-id=\"b95977c\" data-element_type=\"widget\" data-e-type=\"widget\" data-widget_type=\"text-editor.default\">\n\t\t\t\t<div class=\"elementor-widget-container\">\n\t\t\t\t\t\t\t\t\t<p>Das Strandrestaurant \u201eMedusa\u201c befindet sich direkt am Strand von Acharavi, nur ein paar Meter von der Anlage \u201eMEDUSA\u2019S VILLAS\u201c entfernt, dort wo der Himmel idyllisch in das Meer \u00fcbergeht.\u00a0<\/p><p><br \/>Das ist der perfekte Ort, um einen geruhsamen Tag vor dem Hintergrund des wundersch\u00f6nen Meeres zu verbringen. Hier genie\u00dfen Sie ein gesundes Fr\u00fchst\u00fcck, ein eine reiche Auswahl an Speisen zum Mittagessen, frisch gepresste Fruchts\u00e4fte und k\u00f6stlichen Abendessen.<\/p>\t\t\t\t\t\t\t\t<\/div>\n\t\t\t\t<\/div>\n\t\t\t\t\t<\/div>\n\t\t<\/div>\n\t\t\t\t\t<\/div>\n\t\t<\/section>\n\t\t\t\t<section class=\"elementor-section elementor-top-section elementor-element elementor-element-78bc804 elementor-section-boxed elementor-section-height-default elementor-section-height-default\" data-id=\"78bc804\" data-element_type=\"section\" data-e-type=\"section\">\n\t\t\t\t\t\t<div class=\"elementor-container elementor-column-gap-default\">\n\t\t\t\t\t<div class=\"elementor-column elementor-col-100 elementor-top-column elementor-element elementor-element-1fab2e6\" data-id=\"1fab2e6\" data-element_type=\"column\" data-e-type=\"column\">\n\t\t\t<div class=\"elementor-widget-wrap elementor-element-populated\">\n\t\t\t\t\t\t<div class=\"elementor-element elementor-element-e0f1810 elementor-widget elementor-widget-image\" data-id=\"e0f1810\" data-element_type=\"widget\" data-e-type=\"widget\" data-widget_type=\"image.default\">\n\t\t\t\t<div class=\"elementor-widget-container\">\n\t\t\t\t\t\t\t\t\t\t\t\t\t\t\t<img fetchpriority=\"high\" decoding=\"async\" width=\"1000\" height=\"523\" src=\"https:\/\/medusasvillas.gr\/wp-content\/uploads\/2021\/12\/197204737_1830907560392652_2377825467564552702_n.jpg\" class=\"attachment-large size-large wp-image-1471\" alt=\"\" srcset=\"https:\/\/medusasvillas.gr\/wp-content\/uploads\/2021\/12\/197204737_1830907560392652_2377825467564552702_n.jpg 1000w, https:\/\/medusasvillas.gr\/wp-content\/uploads\/2021\/12\/197204737_1830907560392652_2377825467564552702_n-300x157.jpg 300w, https:\/\/medusasvillas.gr\/wp-content\/uploads\/2021\/12\/197204737_1830907560392652_2377825467564552702_n-768x402.jpg 768w, https:\/\/medusasvillas.gr\/wp-content\/uploads\/2021\/12\/197204737_1830907560392652_2377825467564552702_n-480x251.jpg 480w, https:\/\/medusasvillas.gr\/wp-content\/uploads\/2021\/12\/197204737_1830907560392652_2377825467564552702_n-918x480.jpg 918w, https:\/\/medusasvillas.gr\/wp-content\/uploads\/2021\/12\/197204737_1830907560392652_2377825467564552702_n-250x131.jpg 250w, https:\/\/medusasvillas.gr\/wp-content\/uploads\/2021\/12\/197204737_1830907560392652_2377825467564552702_n-478x250.jpg 478w, https:\/\/medusasvillas.gr\/wp-content\/uploads\/2021\/12\/197204737_1830907560392652_2377825467564552702_n-150x78.jpg 150w\" sizes=\"(max-width: 1000px) 100vw, 1000px\">\t\t\t\t\t\t\t\t\t\t\t\t\t\t\t<\/div>\n\t\t\t\t<\/div>\n\t\t\t\t\t<\/div>\n\t\t<\/div>\n\t\t\t\t\t<\/div>\n\t\t<\/section>\n\t\t\t\t<section class=\"elementor-section elementor-top-section elementor-element elementor-element-db887ac elementor-section-boxed elementor-section-height-default elementor-section-height-default\" data-id=\"db887ac\" data-element_type=\"section\" data-e-type=\"section\">\n\t\t\t\t\t\t<div class=\"elementor-container elementor-column-gap-default\">\n\t\t\t\t\t<div class=\"elementor-column elementor-col-100 elementor-top-column elementor-element elementor-element-967be42\" data-id=\"967be42\" data-element_type=\"column\" data-e-type=\"column\">\n\t\t\t<div class=\"elementor-widget-wrap elementor-element-populated\">\n\t\t\t\t\t\t<div class=\"elementor-element elementor-element-65de705 elementor-widget elementor-widget-heading\" data-id=\"65de705\" data-element_type=\"widget\" data-e-type=\"widget\" data-widget_type=\"heading.default\">\n\t\t\t\t<div class=\"elementor-widget-container\">\n\t\t\t\t\t<h2 class=\"elementor-heading-title elementor-size-default\">ESSEN, TRINKEN &amp; GL\u00dcCKLICH SEIN<\/h2>\t\t\t\t<\/div>\n\t\t\t\t<\/div>\n\t\t\t\t<div class=\"elementor-element elementor-element-313abd8 elementor-widget elementor-widget-heading\" data-id=\"313abd8\" data-element_type=\"widget\" data-e-type=\"widget\" data-widget_type=\"heading.default\">\n\t\t\t\t<div class=\"elementor-widget-container\">\n\t\t\t\t\t<h4 class=\"elementor-heading-title elementor-size-default\">EIN STRANDERLEBNIS, DAS SIE NICHT VERMISSEN SOLLTEN!<\/h4>\t\t\t\t<\/div>\n\t\t\t\t<\/div>\n\t\t\t\t\t<\/div>\n\t\t<\/div>\n\t\t\t\t\t<\/div>\n\t\t<\/section>\n\t\t\t\t<section class=\"elementor-section elementor-top-section elementor-element elementor-element-1cf2829 elementor-section-boxed elementor-section-height-default elementor-section-height-default\" data-id=\"1cf2829\" data-element_type=\"section\" data-e-type=\"section\">\n\t\t\t\t\t\t<div class=\"elementor-container elementor-column-gap-default\">\n\t\t\t\t\t<div class=\"elementor-column elementor-col-100 elementor-top-column elementor-element elementor-element-bb4db12\" data-id=\"bb4db12\" data-element_type=\"column\" data-e-type=\"column\">\n\t\t\t<div class=\"elementor-widget-wrap elementor-element-populated\">\n\t\t\t\t\t\t<div class=\"elementor-element elementor-element-9572bb8 elementor-widget elementor-widget-text-editor\" data-id=\"9572bb8\" data-element_type=\"widget\" data-e-type=\"widget\" data-widget_type=\"text-editor.default\">\n\t\t\t\t<div class=\"elementor-widget-container\">\n\t\t\t\t\t\t\t\t\t<p>Stehen Sie in einer ruhigen und erholenden Atmosph\u00e4re auf und lassen Sie Ihren Tag mit einer guten Tasse Kaffee beginnen. Genie\u00dfen Sie ein reichhaltiges Fr\u00fchst\u00fcck in einer ruhigen, schattigen Ecke unserer Terrasse. Entspannen Sie sich an unseren gem\u00fctlichen Sonnenliegen. Fr\u00fchst\u00fccken k\u00f6nnen Sie bis 13:00 Uhr. T\u00e4glich von 12:00 bis 18:00 Uhr wird eine gro\u00dfe Auswahl an k\u00f6stlichen Speisen, frischen Meeresfr\u00fcchten, Salaten und leichten Snacks serviert. Dar\u00fcber hinaus k\u00f6nnen Sie den ganzen Tag \u00fcber erfrischende Getr\u00e4nke und Cocktails genie\u00dfen. Und um Ihren Tag perfekt ausklingen zu lassen, wird das Abendessen von 18:00 bis 23:00Uhr in romantischer Atmosph\u00e4re entweder auf unserem Stranddeck am Wasser oder auf unserer beeindruckenden Terrasse im Hauptrestaurant serviert. Das Men\u00fc ist reichlich, mit feinsten Zutaten h\u00f6chster Qualit\u00e4t, wird Sie auf jeden Fall zufrieden stellen und bei einen bleibenden Eindruck hinterlassen.<\/p>\t\t\t\t\t\t\t\t<\/div>\n\t\t\t\t<\/div>\n\t\t\t\t\t<\/div>\n\t\t<\/div>\n\t\t\t\t\t<\/div>\n\t\t<\/section>\n\t\t\t\t<section class=\"elementor-section elementor-top-section elementor-element elementor-element-ce86b56 elementor-section-boxed elementor-section-height-default elementor-section-height-default\" data-id=\"ce86b56\" data-element_type=\"section\" data-e-type=\"section\">\n\t\t\t\t\t\t<div class=\"elementor-container elementor-column-gap-default\">\n\t\t\t\t\t<div class=\"elementor-column elementor-col-100 elementor-top-column elementor-element elementor-element-7ebb2e4\" data-id=\"7ebb2e4\" data-element_type=\"column\" data-e-type=\"column\">\n\t\t\t<div class=\"elementor-widget-wrap elementor-element-populated\">\n\t\t\t\t\t\t<div class=\"elementor-element elementor-element-858b686 elementor-widget elementor-widget-image\" data-id=\"858b686\" data-element_type=\"widget\" data-e-type=\"widget\" data-widget_type=\"image.default\">\n\t\t\t\t<div class=\"elementor-widget-container\">\n\t\t\t\t\t\t\t\t\t\t\t\t\t\t\t<img decoding=\"async\" width=\"1000\" height=\"523\" src=\"https:\/\/medusasvillas.gr\/wp-content\/uploads\/2021\/12\/199687240_1834615836688491_628756785078706140_n.jpg\" class=\"attachment-large size-large wp-image-1472\" alt=\"\" srcset=\"https:\/\/medusasvillas.gr\/wp-content\/uploads\/2021\/12\/199687240_1834615836688491_628756785078706140_n.jpg 1000w, https:\/\/medusasvillas.gr\/wp-content\/uploads\/2021\/12\/199687240_1834615836688491_628756785078706140_n-300x157.jpg 300w, https:\/\/medusasvillas.gr\/wp-content\/uploads\/2021\/12\/199687240_1834615836688491_628756785078706140_n-768x402.jpg 768w, https:\/\/medusasvillas.gr\/wp-content\/uploads\/2021\/12\/199687240_1834615836688491_628756785078706140_n-480x251.jpg 480w, https:\/\/medusasvillas.gr\/wp-content\/uploads\/2021\/12\/199687240_1834615836688491_628756785078706140_n-918x480.jpg 918w, https:\/\/medusasvillas.gr\/wp-content\/uploads\/2021\/12\/199687240_1834615836688491_628756785078706140_n-250x131.jpg 250w, https:\/\/medusasvillas.gr\/wp-content\/uploads\/2021\/12\/199687240_1834615836688491_628756785078706140_n-478x250.jpg 478w, https:\/\/medusasvillas.gr\/wp-content\/uploads\/2021\/12\/199687240_1834615836688491_628756785078706140_n-150x78.jpg 150w\" sizes=\"(max-width: 1000px) 100vw, 1000px\">\t\t\t\t\t\t\t\t\t\t\t\t\t\t\t<\/div>\n\t\t\t\t<\/div>\n\t\t\t\t\t<\/div>\n\t\t<\/div>\n\t\t\t\t\t<\/div>\n\t\t<\/section>\n\t\t\t\t<section class=\"elementor-section elementor-top-section elementor-element elementor-element-b444d69 elementor-section-boxed elementor-section-height-default elementor-section-height-default\" data-id=\"b444d69\" data-element_type=\"section\" data-e-type=\"section\">\n\t\t\t\t\t\t<div class=\"elementor-container elementor-column-gap-default\">\n\t\t\t\t\t<div class=\"elementor-column elementor-col-100 elementor-top-column elementor-element elementor-element-8c37357\" data-id=\"8c37357\" data-element_type=\"column\" data-e-type=\"column\">\n\t\t\t<div class=\"elementor-widget-wrap elementor-element-populated\">\n\t\t\t\t\t\t<div class=\"elementor-element elementor-element-48fb351 elementor-widget elementor-widget-text-editor\" data-id=\"48fb351\" data-element_type=\"widget\" data-e-type=\"widget\" data-widget_type=\"text-editor.default\">\n\t\t\t\t<div class=\"elementor-widget-container\">\n\t\t\t\t\t\t\t\t\t<p>Die Speisen auf der umfangreichen Speisekarte unseres Restaurants, sind angereichert mit Zutaten von \u00f6rtlichen Produkten. Unsere hausgemachten Speisen kombinieren traditionelle und moderne Geschmacksrichtungen. Unser K\u00fcchenteam k\u00fcmmert sich um Ihre W\u00fcnsche rund um die Uhr und bereitet jede Mahlzeit mit den reinsten Zutaten zu. Unser stets hilfsbereites Personal im Essbereich und an den Sonnenliegen ist bestrebt, Ihnen den ganzen Tag \u00fcber ein fantastisches Erlebnis in Acharavi zu bieten.<\/p><p>Die unvergessliche Atmosph\u00e4re und entspannende Lage am Meer wird Ihnen garantiert wundervolle Sonnenunterg\u00e4nge schenken, die Sie noch lange nach Ihrer R\u00fcckreise begleiten wird.<\/p><p>Setzen Sie sich mit uns in Verbindung und wir werden daf\u00fcr sorgen, dass Sie einen unvergessliches Urlaub erleben werden <br \/>E-Mail: medusaseaside@gmail.com Telefon: +30 2663064809<br \/>Soziale Medien: Fb\/Insta: MedusaSeaside<\/p>\t\t\t\t\t\t\t\t<\/div>\n\t\t\t\t<\/div>\n\t\t\t\t\t<\/div>\n\t\t<\/div>\n\t\t\t\t\t<\/div>\n\t\t<\/section>\n\t\t\t\t<section class=\"elementor-section elementor-top-section elementor-element elementor-element-ed8adbe elementor-section-boxed elementor-section-height-default elementor-section-height-default\" data-id=\"ed8adbe\" data-element_type=\"section\" data-e-type=\"section\">\n\t\t\t\t\t\t<div class=\"elementor-container elementor-column-gap-default\">\n\t\t\t\t\t<div class=\"elementor-column elementor-col-100 elementor-top-column elementor-element elementor-element-e85d6b0\" data-id=\"e85d6b0\" data-element_type=\"column\" data-e-type=\"column\">\n\t\t\t<div class=\"elementor-widget-wrap elementor-element-populated\">\n\t\t\t\t\t\t<div class=\"elementor-element elementor-element-4d7f0af elementor-widget elementor-widget-heading\" data-id=\"4d7f0af\" data-element_type=\"widget\" data-e-type=\"widget\" data-widget_type=\"heading.default\">\n\t\t\t\t<div class=\"elementor-widget-container\">\n\t\t\t\t\t<h2 class=\"elementor-heading-title elementor-size-default\">Gallery<\/h2>\t\t\t\t<\/div>\n\t\t\t\t<\/div>\n\t\t\t\t\t<\/div>\n\t\t<\/div>\n\t\t\t\t\t<\/div>\n\t\t<\/section>\n\t\t\t\t<section class=\"elementor-section elementor-top-section elementor-element elementor-element-36d9018 elementor-section-boxed elementor-section-height-default elementor-section-height-default\" data-id=\"36d9018\" data-element_type=\"section\" data-e-type=\"section\">\n\t\t\t\t\t\t<div class=\"elementor-container elementor-column-gap-default\">\n\t\t\t\t\t<div class=\"elementor-column elementor-col-100 elementor-top-column elementor-element elementor-element-c89cd5f\" data-id=\"c89cd5f\" data-element_type=\"column\" data-e-type=\"column\">\n\t\t\t<div class=\"elementor-widget-wrap elementor-element-populated\">\n\t\t\t\t\t\t<div class=\"elementor-element elementor-element-e5d70c3 gallery-spacing-custom elementor-widget elementor-widget-image-gallery\" data-id=\"e5d70c3\" data-element_type=\"widget\" data-e-type=\"widget\" data-widget_type=\"image-gallery.default\">\n\t\t\t\t<div class=\"elementor-widget-container\">\n\t\t\t\t\t\t\t<div class=\"elementor-image-gallery\">\n\t\t\t\n\t\t<style type=\"text\/css\">\n\t\t\t#gallery-1 {\n\t\t\t\tmargin: auto;\n\t\t\t}\n\t\t\t#gallery-1 .gallery-item {\n\t\t\t\tfloat: left;\n\t\t\t\tmargin-top: 10px;\n\t\t\t\ttext-align: center;\n\t\t\t\twidth: 16%;\n\t\t\t}\n\t\t\t#gallery-1 img {\n\t\t\t\tborder: 2px solid #cfcfcf;\n\t\t\t}\n\t\t\t#gallery-1 .gallery-caption {\n\t\t\t\tmargin-left: 0;\n\t\t\t}\n\t\t\t\/* see gallery_shortcode() in wp-includes\/media.php *\/\n\t\t<\/style>\n\t\t<div id='gallery-1' class='gallery galleryid-1574 gallery-columns-6 gallery-size-thumbnail'><dl class='gallery-item'>\n\t\t\t<dt class='gallery-icon landscape'>\n\t\t\t\t<a data-elementor-open-lightbox=\"no\" href='https:\/\/medusasvillas.gr\/wp-content\/uploads\/2021\/12\/236838443_1880274368789304_7415974826829601645_n.jpg'><img decoding=\"async\" width=\"150\" height=\"150\" src=\"https:\/\/medusasvillas.gr\/wp-content\/uploads\/2021\/12\/236838443_1880274368789304_7415974826829601645_n-150x150.jpg\" class=\"attachment-thumbnail size-thumbnail\" alt=\"\" srcset=\"https:\/\/medusasvillas.gr\/wp-content\/uploads\/2021\/12\/236838443_1880274368789304_7415974826829601645_n-150x150.jpg 150w, https:\/\/medusasvillas.gr\/wp-content\/uploads\/2021\/12\/236838443_1880274368789304_7415974826829601645_n-480x480.jpg 480w\" sizes=\"(max-width: 150px) 100vw, 150px\"><\/a>\n\t\t\t<\/dt><\/dl><dl class='gallery-item'>\n\t\t\t<dt class='gallery-icon landscape'>\n\t\t\t\t<a data-elementor-open-lightbox=\"no\" href='https:\/\/medusasvillas.gr\/wp-content\/uploads\/2021\/12\/199687240_1834615836688491_628756785078706140_n.jpg'><img loading=\"lazy\" decoding=\"async\" width=\"150\" height=\"150\" src=\"https:\/\/medusasvillas.gr\/wp-content\/uploads\/2021\/12\/199687240_1834615836688491_628756785078706140_n-150x150.jpg\" class=\"attachment-thumbnail size-thumbnail\" alt=\"\" srcset=\"https:\/\/medusasvillas.gr\/wp-content\/uploads\/2021\/12\/199687240_1834615836688491_628756785078706140_n-150x150.jpg 150w, https:\/\/medusasvillas.gr\/wp-content\/uploads\/2021\/12\/199687240_1834615836688491_628756785078706140_n-480x480.jpg 480w\" sizes=\"(max-width: 150px) 100vw, 150px\"><\/a>\n\t\t\t<\/dt><\/dl><dl class='gallery-item'>\n\t\t\t<dt class='gallery-icon landscape'>\n\t\t\t\t<a data-elementor-open-lightbox=\"no\" href='https:\/\/medusasvillas.gr\/wp-content\/uploads\/2021\/12\/121260258_1635711483245595_4393484745268782330_n.jpg'><img loading=\"lazy\" decoding=\"async\" width=\"150\" height=\"150\" src=\"https:\/\/medusasvillas.gr\/wp-content\/uploads\/2021\/12\/121260258_1635711483245595_4393484745268782330_n-150x150.jpg\" class=\"attachment-thumbnail size-thumbnail\" alt=\"\" srcset=\"https:\/\/medusasvillas.gr\/wp-content\/uploads\/2021\/12\/121260258_1635711483245595_4393484745268782330_n-150x150.jpg 150w, https:\/\/medusasvillas.gr\/wp-content\/uploads\/2021\/12\/121260258_1635711483245595_4393484745268782330_n-480x480.jpg 480w\" sizes=\"(max-width: 150px) 100vw, 150px\"><\/a>\n\t\t\t<\/dt><\/dl><dl class='gallery-item'>\n\t\t\t<dt class='gallery-icon landscape'>\n\t\t\t\t<a data-elementor-open-lightbox=\"no\" href='https:\/\/medusasvillas.gr\/wp-content\/uploads\/2021\/12\/197204737_1830907560392652_2377825467564552702_n.jpg'><img loading=\"lazy\" decoding=\"async\" width=\"150\" height=\"150\" src=\"https:\/\/medusasvillas.gr\/wp-content\/uploads\/2021\/12\/197204737_1830907560392652_2377825467564552702_n-150x150.jpg\" class=\"attachment-thumbnail size-thumbnail\" alt=\"\" srcset=\"https:\/\/medusasvillas.gr\/wp-content\/uploads\/2021\/12\/197204737_1830907560392652_2377825467564552702_n-150x150.jpg 150w, https:\/\/medusasvillas.gr\/wp-content\/uploads\/2021\/12\/197204737_1830907560392652_2377825467564552702_n-480x480.jpg 480w\" sizes=\"(max-width: 150px) 100vw, 150px\"><\/a>\n\t\t\t<\/dt><\/dl><dl class='gallery-item'>\n\t\t\t<dt class='gallery-icon landscape'>\n\t\t\t\t<a data-elementor-open-lightbox=\"no\" href='https:\/\/medusasvillas.gr\/wp-content\/uploads\/2021\/12\/IMG_20200926_153341_566.jpg'><img loading=\"lazy\" decoding=\"async\" width=\"150\" height=\"150\" src=\"https:\/\/medusasvillas.gr\/wp-content\/uploads\/2021\/12\/IMG_20200926_153341_566-150x150.jpg\" class=\"attachment-thumbnail size-thumbnail\" alt=\"\" srcset=\"https:\/\/medusasvillas.gr\/wp-content\/uploads\/2021\/12\/IMG_20200926_153341_566-150x150.jpg 150w, https:\/\/medusasvillas.gr\/wp-content\/uploads\/2021\/12\/IMG_20200926_153341_566-480x480.jpg 480w\" sizes=\"(max-width: 150px) 100vw, 150px\"><\/a>\n\t\t\t<\/dt><\/dl><dl class='gallery-item'>\n\t\t\t<dt class='gallery-icon landscape'>\n\t\t\t\t<a data-elementor-open-lightbox=\"no\" href='https:\/\/medusasvillas.gr\/wp-content\/uploads\/2021\/12\/20180927_193509.jpg'><img loading=\"lazy\" decoding=\"async\" width=\"150\" height=\"150\" src=\"https:\/\/medusasvillas.gr\/wp-content\/uploads\/2021\/12\/20180927_193509-150x150.jpg\" class=\"attachment-thumbnail size-thumbnail\" alt=\"\" srcset=\"https:\/\/medusasvillas.gr\/wp-content\/uploads\/2021\/12\/20180927_193509-150x150.jpg 150w, https:\/\/medusasvillas.gr\/wp-content\/uploads\/2021\/12\/20180927_193509-480x480.jpg 480w\" sizes=\"(max-width: 150px) 100vw, 150px\"><\/a>\n\t\t\t<\/dt><\/dl><br style=\"clear: both\" \/><dl class='gallery-item'>\n\t\t\t<dt class='gallery-icon landscape'>\n\t\t\t\t<a data-elementor-open-lightbox=\"no\" href='https:\/\/medusasvillas.gr\/wp-content\/uploads\/2021\/12\/9.jpg'><img loading=\"lazy\" decoding=\"async\" width=\"150\" height=\"150\" src=\"https:\/\/medusasvillas.gr\/wp-content\/uploads\/2021\/12\/9-150x150.jpg\" class=\"attachment-thumbnail size-thumbnail\" alt=\"\" srcset=\"https:\/\/medusasvillas.gr\/wp-content\/uploads\/2021\/12\/9-150x150.jpg 150w, https:\/\/medusasvillas.gr\/wp-content\/uploads\/2021\/12\/9-480x480.jpg 480w\" sizes=\"(max-width: 150px) 100vw, 150px\"><\/a>\n\t\t\t<\/dt><\/dl><dl class='gallery-item'>\n\t\t\t<dt class='gallery-icon landscape'>\n\t\t\t\t<a data-elementor-open-lightbox=\"no\" href='https:\/\/medusasvillas.gr\/wp-content\/uploads\/2021\/12\/8.jpg'><img loading=\"lazy\" decoding=\"async\" width=\"150\" height=\"150\" src=\"https:\/\/medusasvillas.gr\/wp-content\/uploads\/2021\/12\/8-150x150.jpg\" class=\"attachment-thumbnail size-thumbnail\" alt=\"\" srcset=\"https:\/\/medusasvillas.gr\/wp-content\/uploads\/2021\/12\/8-150x150.jpg 150w, https:\/\/medusasvillas.gr\/wp-content\/uploads\/2021\/12\/8-480x480.jpg 480w\" sizes=\"(max-width: 150px) 100vw, 150px\"><\/a>\n\t\t\t<\/dt><\/dl><dl class='gallery-item'>\n\t\t\t<dt class='gallery-icon landscape'>\n\t\t\t\t<a data-elementor-open-lightbox=\"no\" href='https:\/\/medusasvillas.gr\/wp-content\/uploads\/2021\/12\/7.jpg'><img loading=\"lazy\" decoding=\"async\" width=\"150\" height=\"150\" src=\"https:\/\/medusasvillas.gr\/wp-content\/uploads\/2021\/12\/7-150x150.jpg\" class=\"attachment-thumbnail size-thumbnail\" alt=\"\" srcset=\"https:\/\/medusasvillas.gr\/wp-content\/uploads\/2021\/12\/7-150x150.jpg 150w, https:\/\/medusasvillas.gr\/wp-content\/uploads\/2021\/12\/7-480x480.jpg 480w\" sizes=\"(max-width: 150px) 100vw, 150px\"><\/a>\n\t\t\t<\/dt><\/dl><dl class='gallery-item'>\n\t\t\t<dt class='gallery-icon landscape'>\n\t\t\t\t<a data-elementor-open-lightbox=\"no\" href='https:\/\/medusasvillas.gr\/wp-content\/uploads\/2021\/12\/5.jpg'><img loading=\"lazy\" decoding=\"async\" width=\"150\" height=\"150\" src=\"https:\/\/medusasvillas.gr\/wp-content\/uploads\/2021\/12\/5-150x150.jpg\" class=\"attachment-thumbnail size-thumbnail\" alt=\"\" srcset=\"https:\/\/medusasvillas.gr\/wp-content\/uploads\/2021\/12\/5-150x150.jpg 150w, https:\/\/medusasvillas.gr\/wp-content\/uploads\/2021\/12\/5-480x480.jpg 480w\" sizes=\"(max-width: 150px) 100vw, 150px\"><\/a>\n\t\t\t<\/dt><\/dl><dl class='gallery-item'>\n\t\t\t<dt class='gallery-icon landscape'>\n\t\t\t\t<a data-elementor-open-lightbox=\"no\" href='https:\/\/medusasvillas.gr\/wp-content\/uploads\/2021\/12\/3.jpg'><img loading=\"lazy\" decoding=\"async\" width=\"150\" height=\"150\" src=\"https:\/\/medusasvillas.gr\/wp-content\/uploads\/2021\/12\/3-150x150.jpg\" class=\"attachment-thumbnail size-thumbnail\" alt=\"\" srcset=\"https:\/\/medusasvillas.gr\/wp-content\/uploads\/2021\/12\/3-150x150.jpg 150w, https:\/\/medusasvillas.gr\/wp-content\/uploads\/2021\/12\/3-480x480.jpg 480w\" sizes=\"(max-width: 150px) 100vw, 150px\"><\/a>\n\t\t\t<\/dt><\/dl><dl class='gallery-item'>\n\t\t\t<dt class='gallery-icon landscape'>\n\t\t\t\t<a data-elementor-open-lightbox=\"no\" href='https:\/\/medusasvillas.gr\/wp-content\/uploads\/2021\/12\/2.jpg'><img loading=\"lazy\" decoding=\"async\" width=\"150\" height=\"150\" src=\"https:\/\/medusasvillas.gr\/wp-content\/uploads\/2021\/12\/2-150x150.jpg\" class=\"attachment-thumbnail size-thumbnail\" alt=\"\" srcset=\"https:\/\/medusasvillas.gr\/wp-content\/uploads\/2021\/12\/2-150x150.jpg 150w, https:\/\/medusasvillas.gr\/wp-content\/uploads\/2021\/12\/2-480x480.jpg 480w\" sizes=\"(max-width: 150px) 100vw, 150px\"><\/a>\n\t\t\t<\/dt><\/dl><br style=\"clear: both\" \/>\n\t\t<\/div>\n\t\t<\/div>\n\t\t\t\t\t\t<\/div>\n\t\t\t\t<\/div>\n\t\t\t\t\t<\/div>\n\t\t<\/div>\n\t\t\t\t\t<\/div>\n\t\t<\/section>\n\t\t\t\t<\/div>\n\t\t","protected":false},"excerpt":{"rendered":"<p>\u201eMEDUSA\u201c &#8211; GANZTAGS STRANDRESTAURANT UND BAR EIN STRANDERLEBNIS, DAS SIE NICHT VERMISSEN SOLLTEN! Das Strandrestaurant \u201eMedusa\u201c befindet sich direkt am Strand von Acharavi, nur ein paar Meter von der Anlage \u201eMEDUSA\u2019S VILLAS\u201c entfernt, dort wo der Himmel idyllisch in das Meer \u00fcbergeht.\u00a0 Das ist der perfekte Ort, um einen geruhsamen Tag vor dem Hintergrund des &hellip; <\/p>\n<p class=\"link-more\"><a href=\"https:\/\/medusasvillas.gr\/de\/food-drink-in-acharavi\/\" class=\"more-link\"><span class=\"screen-reader-text\"> prova &#8222;SPEISEN &#038; GETR\u00c4NKE IN ACHARAVI&#8220;<\/span><\/a><\/p>\n","protected":false},"author":1,"featured_media":1472,"parent":0,"menu_order":0,"comment_status":"closed","ping_status":"closed","template":"","meta":{"footnotes":""},"class_list":["post-1574","page","type-page","status-publish","has-post-thumbnail","hentry"],"_links":{"self":[{"href":"https:\/\/medusasvillas.gr\/de\/wp-json\/wp\/v2\/pages\/1574","targetHints":{"allow":["GET"]}}],"collection":[{"href":"https:\/\/medusasvillas.gr\/de\/wp-json\/wp\/v2\/pages"}],"about":[{"href":"https:\/\/medusasvillas.gr\/de\/wp-json\/wp\/v2\/types\/page"}],"author":[{"embeddable":true,"href":"https:\/\/medusasvillas.gr\/de\/wp-json\/wp\/v2\/users\/1"}],"replies":[{"embeddable":true,"href":"https:\/\/medusasvillas.gr\/de\/wp-json\/wp\/v2\/comments?post=1574"}],"version-history":[{"count":6,"href":"https:\/\/medusasvillas.gr\/de\/wp-json\/wp\/v2\/pages\/1574\/revisions"}],"predecessor-version":[{"id":1631,"href":"https:\/\/medusasvillas.gr\/de\/wp-json\/wp\/v2\/pages\/1574\/revisions\/1631"}],"wp:featuredmedia":[{"embeddable":true,"href":"https:\/\/medusasvillas.gr\/de\/wp-json\/wp\/v2\/media\/1472"}],"wp:attachment":[{"href":"https:\/\/medusasvillas.gr\/de\/wp-json\/wp\/v2\/media?parent=1574"}],"curies":[{"name":"wp","href":"https:\/\/api.w.org\/{rel}","templated":true}]}}