{"id":1573,"date":"2021-07-21T09:07:25","date_gmt":"2021-07-21T09:07:25","guid":{"rendered":"https:\/\/medusasvillas.gr\/covid-info\/"},"modified":"2022-01-13T12:54:22","modified_gmt":"2022-01-13T10:54:22","slug":"covid-info","status":"publish","type":"page","link":"https:\/\/medusasvillas.gr\/de\/covid-info\/","title":{"rendered":"Covid-19 Masshahmen"},"content":{"rendered":"\t\t<div data-elementor-type=\"wp-page\" data-elementor-id=\"1573\" class=\"elementor elementor-1573 elementor-16\" data-elementor-post-type=\"page\">\n\t\t\t\t\t\t<section class=\"elementor-section elementor-top-section elementor-element elementor-element-91b71fd elementor-section-boxed elementor-section-height-default elementor-section-height-default\" data-id=\"91b71fd\" data-element_type=\"section\" data-e-type=\"section\">\n\t\t\t\t\t\t<div class=\"elementor-container elementor-column-gap-default\">\n\t\t\t\t\t<div class=\"elementor-column elementor-col-100 elementor-top-column elementor-element elementor-element-9f558cf\" data-id=\"9f558cf\" data-element_type=\"column\" data-e-type=\"column\">\n\t\t\t<div class=\"elementor-widget-wrap elementor-element-populated\">\n\t\t\t\t\t\t<div class=\"elementor-element elementor-element-749ef4f elementor-widget elementor-widget-heading\" data-id=\"749ef4f\" data-element_type=\"widget\" data-e-type=\"widget\" data-widget_type=\"heading.default\">\n\t\t\t\t<div class=\"elementor-widget-container\">\n\t\t\t\t\t<h2 class=\"elementor-heading-title elementor-size-default\">MEDUSA\u2019S VILLAS \u2013 COVID-19  MASSNAHMEN<\/h2>\t\t\t\t<\/div>\n\t\t\t\t<\/div>\n\t\t\t\t\t<\/div>\n\t\t<\/div>\n\t\t\t\t\t<\/div>\n\t\t<\/section>\n\t\t\t\t<section class=\"elementor-section elementor-top-section elementor-element elementor-element-13a5cc2 elementor-section-boxed elementor-section-height-default elementor-section-height-default\" data-id=\"13a5cc2\" data-element_type=\"section\" data-e-type=\"section\">\n\t\t\t\t\t\t<div class=\"elementor-container elementor-column-gap-default\">\n\t\t\t\t\t<div class=\"elementor-column elementor-col-100 elementor-top-column elementor-element elementor-element-c989af1\" data-id=\"c989af1\" data-element_type=\"column\" data-e-type=\"column\">\n\t\t\t<div class=\"elementor-widget-wrap elementor-element-populated\">\n\t\t\t\t\t\t<div class=\"elementor-element elementor-element-08719b0 elementor-widget elementor-widget-text-editor\" data-id=\"08719b0\" data-element_type=\"widget\" data-e-type=\"widget\" data-widget_type=\"text-editor.default\">\n\t\t\t\t<div class=\"elementor-widget-container\">\n\t\t\t\t\t\t\t\t\t<ul><li><p><strong>Liebe G\u00e4ste,<\/strong><br \/>Wir m\u00f6chten uns bei Ihnen bedanken, dass Sie Ihre Urlaubstr\u00e4ume in dieser globalen Krise durch die COVID-19 \u2013 Pandemie nicht aufgegeben haben. Ihr Vertrauen und Ihre Unterst\u00fctzung sind uns sehr wichtig und wir tun alles, was in unserer Macht steht, um Ihre Sicherheit w\u00e4hrend Ihres Aufenthalts in Medusa&#8217;s Villas zu gew\u00e4hrleisten.<br \/>Wir tun unser Bestes, um eine positive Haltung zur Realit\u00e4t zu behalten und unsere Villen f\u00fcr Ihren zuk\u00fcnftigen Aufenthalt vorzubereiten. Ihre Sicherheit, sowie Ihre Zufriedenheit ist f\u00fcr uns am wichtigsten. Da sich das Coronavirus (COVID-19) ausbreitet und sich ver\u00e4ndert, sind wir bestrebt, Ihre Reisearrangements flexibel zu gestalten.<br \/>Wir versichern Ihnen, dass alle Ma\u00dfnahmen &amp; Vorschriften pr\u00e4zise eingehalten werden. Die Mitarbeiter von Medusa\u2019s Villas werden w\u00f6chentlich getestet.<br \/>Beachten Sie bitte, dass wir auf Anfrage der griechischen Beh\u00f6rden verpflichtet sind, Ihre pers\u00f6nlichen Daten weiterzugeben; mit der Best\u00e4tigung Ihrer Buchung akzeptieren Sie dies automatisch.<\/p><\/li><\/ul>\t\t\t\t\t\t\t\t<\/div>\n\t\t\t\t<\/div>\n\t\t\t\t\t<\/div>\n\t\t<\/div>\n\t\t\t\t\t<\/div>\n\t\t<\/section>\n\t\t\t\t<section class=\"elementor-section elementor-top-section elementor-element elementor-element-6556258 elementor-section-boxed elementor-section-height-default elementor-section-height-default\" data-id=\"6556258\" data-element_type=\"section\" data-e-type=\"section\">\n\t\t\t\t\t\t<div class=\"elementor-container elementor-column-gap-default\">\n\t\t\t\t\t<div class=\"elementor-column elementor-col-100 elementor-top-column elementor-element elementor-element-57ce6fc\" data-id=\"57ce6fc\" data-element_type=\"column\" data-e-type=\"column\">\n\t\t\t<div class=\"elementor-widget-wrap elementor-element-populated\">\n\t\t\t\t\t\t<div class=\"elementor-element elementor-element-d60a8a7 elementor-widget elementor-widget-heading\" data-id=\"d60a8a7\" data-element_type=\"widget\" data-e-type=\"widget\" data-widget_type=\"heading.default\">\n\t\t\t\t<div class=\"elementor-widget-container\">\n\t\t\t\t\t<h4 class=\"elementor-heading-title elementor-size-default\">Reinigungsprotokolle<\/h4>\t\t\t\t<\/div>\n\t\t\t\t<\/div>\n\t\t\t\t\t<\/div>\n\t\t<\/div>\n\t\t\t\t\t<\/div>\n\t\t<\/section>\n\t\t\t\t<section class=\"elementor-section elementor-top-section elementor-element elementor-element-3fc1aee elementor-section-boxed elementor-section-height-default elementor-section-height-default\" data-id=\"3fc1aee\" data-element_type=\"section\" data-e-type=\"section\">\n\t\t\t\t\t\t<div class=\"elementor-container elementor-column-gap-default\">\n\t\t\t\t\t<div class=\"elementor-column elementor-col-100 elementor-top-column elementor-element elementor-element-26eeb42\" data-id=\"26eeb42\" data-element_type=\"column\" data-e-type=\"column\">\n\t\t\t<div class=\"elementor-widget-wrap elementor-element-populated\">\n\t\t\t\t\t\t<div class=\"elementor-element elementor-element-b608b9c elementor-widget elementor-widget-text-editor\" data-id=\"b608b9c\" data-element_type=\"widget\" data-e-type=\"widget\" data-widget_type=\"text-editor.default\">\n\t\t\t\t<div class=\"elementor-widget-container\">\n\t\t\t\t\t\t\t\t\t<p>Unsere Reinigungsprodukte befolgen Protokolle, die den Richtlinien der Regierung entsprechen und sind f\u00fcr den Einsatz gegen Viren und Bakterien zugelassen.<br \/>Die H\u00e4ufigkeit der Reinigung und Desinfektion wurde in allen R\u00e4umen erh\u00f6ht, wobei der Schwerpunkt auf h\u00e4ufigen Kontaktfl\u00e4chen liegt.<br \/>In allen G\u00e4stezimmern und R\u00e4umen werden die Reinigungs- und Desinfektionsprotokolle genau eingehalten. Besondere Aufmerksamkeit gilt den am h\u00e4ufigsten benutzten Artikeln wie Telefone, TV-Fernbedienungen, Toilettensitze, Griffe, Lichtschalter, Klimaanlagen, Gep\u00e4ckablagen M\u00fclleimer.<br \/>In jeder Villa befinden sich Spender mit Desinfektionsmittel f\u00fcr die H\u00e4nde.<br \/>In jeder Villa steht ein komplettes medizinisches Set zur Verf\u00fcgung, das Desinfektionsmittel Wischt\u00fccher f\u00fcr die Oberfl\u00e4chen, Masken, Handschuhe usw. Enth\u00e4lt.<br \/>Beim Check-in werden Sie gefragt, ob Sie einen t\u00e4glicher Reinigungsservice w\u00fcnschen ist.<br \/>Alle Bettw\u00e4sche und Handt\u00fccher werden auf Wunsch der G\u00e4ste gewechselt und bei hohen Temperaturen gem\u00e4\u00df der offiziellen Richtlinien gewaschen.<br \/>Die Reinigung der Klimaanlagen entspricht den offiziellen Richtlinien.<\/p>\t\t\t\t\t\t\t\t<\/div>\n\t\t\t\t<\/div>\n\t\t\t\t\t<\/div>\n\t\t<\/div>\n\t\t\t\t\t<\/div>\n\t\t<\/section>\n\t\t\t\t<section class=\"elementor-section elementor-top-section elementor-element elementor-element-6b7c675 elementor-section-boxed elementor-section-height-default elementor-section-height-default\" data-id=\"6b7c675\" data-element_type=\"section\" data-e-type=\"section\">\n\t\t\t\t\t\t<div class=\"elementor-container elementor-column-gap-default\">\n\t\t\t\t\t<div class=\"elementor-column elementor-col-100 elementor-top-column elementor-element elementor-element-5e97e90\" data-id=\"5e97e90\" data-element_type=\"column\" data-e-type=\"column\">\n\t\t\t<div class=\"elementor-widget-wrap elementor-element-populated\">\n\t\t\t\t\t\t<div class=\"elementor-element elementor-element-9ac845f elementor-widget elementor-widget-heading\" data-id=\"9ac845f\" data-element_type=\"widget\" data-e-type=\"widget\" data-widget_type=\"heading.default\">\n\t\t\t\t<div class=\"elementor-widget-container\">\n\t\t\t\t\t<h4 class=\"elementor-heading-title elementor-size-default\">Verantwortung der Mitarbeiter<\/h4>\t\t\t\t<\/div>\n\t\t\t\t<\/div>\n\t\t\t\t\t<\/div>\n\t\t<\/div>\n\t\t\t\t\t<\/div>\n\t\t<\/section>\n\t\t\t\t<section class=\"elementor-section elementor-top-section elementor-element elementor-element-31e9152 elementor-section-boxed elementor-section-height-default elementor-section-height-default\" data-id=\"31e9152\" data-element_type=\"section\" data-e-type=\"section\">\n\t\t\t\t\t\t<div class=\"elementor-container elementor-column-gap-default\">\n\t\t\t\t\t<div class=\"elementor-column elementor-col-100 elementor-top-column elementor-element elementor-element-0fd6694\" data-id=\"0fd6694\" data-element_type=\"column\" data-e-type=\"column\">\n\t\t\t<div class=\"elementor-widget-wrap elementor-element-populated\">\n\t\t\t\t\t\t<div class=\"elementor-element elementor-element-74908da elementor-widget elementor-widget-text-editor\" data-id=\"74908da\" data-element_type=\"widget\" data-e-type=\"widget\" data-widget_type=\"text-editor.default\">\n\t\t\t\t<div class=\"elementor-widget-container\">\n\t\t\t\t\t\t\t\t\t<p>Pers\u00f6nliche Hygiene und h\u00e4ufiges H\u00e4ndewaschen mit Seife sind von entscheidender Bedeutung.<br \/>Alle Mitarbeiter werden zu COVID-19-Sicherheits- und Hygieneprotokollen geschult.<br \/>Alle Mitarbeiter werden mit Handschuhen, Maske und\/oder Gesichtsschutz ausgestattet und m\u00fcssen diese im Dienst tragen.<br \/>Wir danken Ihnen f\u00fcr Ihr Verst\u00e4ndnis und Ihre Unterst\u00fctzung.<\/p>\t\t\t\t\t\t\t\t<\/div>\n\t\t\t\t<\/div>\n\t\t\t\t\t<\/div>\n\t\t<\/div>\n\t\t\t\t\t<\/div>\n\t\t<\/section>\n\t\t\t\t<section class=\"elementor-section elementor-top-section elementor-element elementor-element-d8bd620 elementor-section-boxed elementor-section-height-default elementor-section-height-default\" data-id=\"d8bd620\" data-element_type=\"section\" data-e-type=\"section\">\n\t\t\t\t\t\t<div class=\"elementor-container elementor-column-gap-default\">\n\t\t\t\t\t<div class=\"elementor-column elementor-col-100 elementor-top-column elementor-element elementor-element-e58cc09\" data-id=\"e58cc09\" data-element_type=\"column\" data-e-type=\"column\">\n\t\t\t<div class=\"elementor-widget-wrap elementor-element-populated\">\n\t\t\t\t\t\t<div class=\"elementor-element elementor-element-1a8fc8c elementor-widget elementor-widget-heading\" data-id=\"1a8fc8c\" data-element_type=\"widget\" data-e-type=\"widget\" data-widget_type=\"heading.default\">\n\t\t\t\t<div class=\"elementor-widget-container\">\n\t\t\t\t\t<h4 class=\"elementor-heading-title elementor-size-default\">Allgemeine Richtlinie<\/h4>\t\t\t\t<\/div>\n\t\t\t\t<\/div>\n\t\t\t\t\t<\/div>\n\t\t<\/div>\n\t\t\t\t\t<\/div>\n\t\t<\/section>\n\t\t\t\t<section class=\"elementor-section elementor-top-section elementor-element elementor-element-99e3343 elementor-section-boxed elementor-section-height-default elementor-section-height-default\" data-id=\"99e3343\" data-element_type=\"section\" data-e-type=\"section\">\n\t\t\t\t\t\t<div class=\"elementor-container elementor-column-gap-default\">\n\t\t\t\t\t<div class=\"elementor-column elementor-col-100 elementor-top-column elementor-element elementor-element-e990cad\" data-id=\"e990cad\" data-element_type=\"column\" data-e-type=\"column\">\n\t\t\t<div class=\"elementor-widget-wrap elementor-element-populated\">\n\t\t\t\t\t\t<div class=\"elementor-element elementor-element-af46f8b elementor-widget elementor-widget-text-editor\" data-id=\"af46f8b\" data-element_type=\"widget\" data-e-type=\"widget\" data-widget_type=\"text-editor.default\">\n\t\t\t\t<div class=\"elementor-widget-container\">\n\t\t\t\t\t\t\t\t\t<p>Den G\u00e4sten wird empfohlen, einen Mindestabstand von 1,5 m zu anderen Personen, die nicht mitreisen, einzuhalten.<\/p><p>Auskunft \u00fcber die Reise- und Einreisebestimmungen finden Sie auf der offiziellen Webseite:&nbsp;<\/p><p>Protocol for Arrivals in Greece \u2013 travel.gov.gr<\/p><p>Auskunft \u00fcber \u00c4rztedienste, \u00f6ffentliche und private Krankenh\u00e4user und Apotheken erteilen wir Ihnen sofort.<\/p><p>\u00dcber die Mitarbeiter und alle G\u00e4ste, die in den Villen \u00fcbernachtet haben, wird ein Protokoll gef\u00fchrt,&nbsp; damit alle, die zu COVID-19 \u2013 Infizierten&nbsp; engen Kontakt hatten informiert werden k\u00f6nnen.<\/p><p><br><\/p><p>Mit freundlichen Gr\u00fc\u00dfen,<\/p><p>MEDUSA\u2019S VILLAS<\/p>\t\t\t\t\t\t\t\t<\/div>\n\t\t\t\t<\/div>\n\t\t\t\t\t<\/div>\n\t\t<\/div>\n\t\t\t\t\t<\/div>\n\t\t<\/section>\n\t\t\t\t<\/div>\n\t\t","protected":false},"excerpt":{"rendered":"<p>MEDUSA\u2019S VILLAS \u2013 COVID-19 MASSNAHMEN Liebe G\u00e4ste,Wir m\u00f6chten uns bei Ihnen bedanken, dass Sie Ihre Urlaubstr\u00e4ume in dieser globalen Krise durch die COVID-19 \u2013 Pandemie nicht aufgegeben haben. Ihr Vertrauen und Ihre Unterst\u00fctzung sind uns sehr wichtig und wir tun alles, was in unserer Macht steht, um Ihre Sicherheit w\u00e4hrend Ihres Aufenthalts in Medusa&#8217;s Villas &hellip; <\/p>\n<p class=\"link-more\"><a href=\"https:\/\/medusasvillas.gr\/de\/covid-info\/\" class=\"more-link\"><span class=\"screen-reader-text\"> prova &#8222;Covid-19 Masshahmen&#8220;<\/span><\/a><\/p>\n","protected":false},"author":1,"featured_media":0,"parent":0,"menu_order":0,"comment_status":"closed","ping_status":"closed","template":"","meta":{"footnotes":""},"class_list":["post-1573","page","type-page","status-publish","hentry"],"_links":{"self":[{"href":"https:\/\/medusasvillas.gr\/de\/wp-json\/wp\/v2\/pages\/1573","targetHints":{"allow":["GET"]}}],"collection":[{"href":"https:\/\/medusasvillas.gr\/de\/wp-json\/wp\/v2\/pages"}],"about":[{"href":"https:\/\/medusasvillas.gr\/de\/wp-json\/wp\/v2\/types\/page"}],"author":[{"embeddable":true,"href":"https:\/\/medusasvillas.gr\/de\/wp-json\/wp\/v2\/users\/1"}],"replies":[{"embeddable":true,"href":"https:\/\/medusasvillas.gr\/de\/wp-json\/wp\/v2\/comments?post=1573"}],"version-history":[{"count":5,"href":"https:\/\/medusasvillas.gr\/de\/wp-json\/wp\/v2\/pages\/1573\/revisions"}],"predecessor-version":[{"id":1671,"href":"https:\/\/medusasvillas.gr\/de\/wp-json\/wp\/v2\/pages\/1573\/revisions\/1671"}],"wp:attachment":[{"href":"https:\/\/medusasvillas.gr\/de\/wp-json\/wp\/v2\/media?parent=1573"}],"curies":[{"name":"wp","href":"https:\/\/api.w.org\/{rel}","templated":true}]}}